{"id":142,"date":"2015-10-22T15:32:34","date_gmt":"2015-10-22T15:32:34","guid":{"rendered":"http:\/\/test.kriesi.at\/construction\/?page_id=142"},"modified":"2019-05-30T19:49:28","modified_gmt":"2019-05-30T19:49:28","slug":"recursos-hidricos-agua-potable-y-saneamiento","status":"publish","type":"page","link":"https:\/\/adapta.uy\/adptweb\/principales-proyectos\/recursos-hidricos-agua-potable-y-saneamiento\/","title":{"rendered":"Gesti\u00f3n de recursos h\u00eddricos, agua potable y saneamiento"},"content":{"rendered":"\n<style type=\"text\/css\" data-created_by=\"avia_inline_auto\" id=\"style-css-av-jth8dlqk-9268e03928d9b0900ef015ee91b3cc6f\">\n.avia-image-container.av-jth8dlqk-9268e03928d9b0900ef015ee91b3cc6f img.avia_image{\nbox-shadow:none;\n}\n.avia-image-container.av-jth8dlqk-9268e03928d9b0900ef015ee91b3cc6f .av-image-caption-overlay-center{\ncolor:#ffffff;\n}\n<\/style>\n<div  class='avia-image-container av-jth8dlqk-9268e03928d9b0900ef015ee91b3cc6f av-styling- av-hover-grow av-hide-overflow avia-align-center  avia-builder-el-0  el_before_av_one_full  avia-builder-el-first '   itemprop=\"image\" itemscope=\"itemscope\" itemtype=\"https:\/\/schema.org\/ImageObject\" ><div class=\"avia-image-container-inner\"><div class=\"avia-image-overlay-wrap\"><img fetchpriority=\"high\" class='wp-image-355 avia-img-lazy-loading-not-355 avia_image ' src='https:\/\/adapta.uy\/adptweb\/wp-content\/uploads\/2019\/03\/area-recusos-hidricos-845x321.jpg' alt='' title='area-recusos-hidricos'  height=\"321\" width=\"845\"  itemprop=\"thumbnailUrl\"  \/><\/div><\/div><\/div>\n\n<style type=\"text\/css\" data-created_by=\"avia_inline_auto\" id=\"style-css-av-2k204e-a619f0c1394a6560389848baa2e320dc\">\n#top .flex_column.av-2k204e-a619f0c1394a6560389848baa2e320dc{\nmargin-top:0px;\nmargin-bottom:0px;\n}\n.flex_column.av-2k204e-a619f0c1394a6560389848baa2e320dc{\nborder-radius:0px 0px 0px 0px;\npadding:0px 0px 0px 0px;\n}\n.responsive #top #wrap_all .flex_column.av-2k204e-a619f0c1394a6560389848baa2e320dc{\nmargin-top:0px;\nmargin-bottom:0px;\n}\n<\/style>\n<div  class='flex_column av-2k204e-a619f0c1394a6560389848baa2e320dc av_one_full  avia-builder-el-1  el_after_av_image  el_before_av_one_half  first flex_column_div av-animated-generic bottom-to-top av-zero-column-padding  '     ><p>\n<style type=\"text\/css\" data-created_by=\"avia_inline_auto\" id=\"style-css-av-jwar5na3-a292ed27b3dd7a0daeb0af3b0ff99ba7\">\n#top .av-special-heading.av-jwar5na3-a292ed27b3dd7a0daeb0af3b0ff99ba7{\nmargin:15px 0 0 0;\npadding-bottom:0;\n}\nbody .av-special-heading.av-jwar5na3-a292ed27b3dd7a0daeb0af3b0ff99ba7 .av-special-heading-tag .heading-char{\nfont-size:25px;\n}\n.av-special-heading.av-jwar5na3-a292ed27b3dd7a0daeb0af3b0ff99ba7 .av-subheading{\nfont-size:15px;\n}\n<\/style>\n<div  class='av-special-heading av-jwar5na3-a292ed27b3dd7a0daeb0af3b0ff99ba7 av-special-heading-h2 blockquote modern-quote  avia-builder-el-2  el_before_av_hr  avia-builder-el-first '><h2 class='av-special-heading-tag'  itemprop=\"headline\"  >Gesti\u00f3n de recursos h\u00eddricos, agua potable y saneamiento<\/h2><div class=\"special-heading-border\"><div class=\"special-heading-inner-border\"><\/div><\/div><\/div><br \/>\n\n<style type=\"text\/css\" data-created_by=\"avia_inline_auto\" id=\"style-css-av-7tsee-254d473237bcf650a282e0891625692b\">\n#top .hr.av-7tsee-254d473237bcf650a282e0891625692b{\nmargin-top:10px;\nmargin-bottom:10px;\n}\n.hr.av-7tsee-254d473237bcf650a282e0891625692b .hr-inner{\nwidth:50px;\nborder-color:#3e8f2e;\n}\n<\/style>\n<div  class='hr av-7tsee-254d473237bcf650a282e0891625692b hr-custom  avia-builder-el-3  el_after_av_heading  avia-builder-el-last  hr-left hr-icon-no'><span class='hr-inner inner-border-av-border-fat'><span class=\"hr-inner-style\"><\/span><\/span><\/div><\/p><\/div>\n\n<style type=\"text\/css\" data-created_by=\"avia_inline_auto\" id=\"style-css-av-239jbi-40ac14b68de72cf48c6d1a410bb9ccde\">\n#top .flex_column.av-239jbi-40ac14b68de72cf48c6d1a410bb9ccde{\nmargin-top:0px;\nmargin-bottom:0px;\n}\n.flex_column.av-239jbi-40ac14b68de72cf48c6d1a410bb9ccde{\nborder-radius:0px 0px 0px 0px;\npadding:0px 0px 0px 0px;\n}\n.responsive #top #wrap_all .flex_column.av-239jbi-40ac14b68de72cf48c6d1a410bb9ccde{\nmargin-top:0px;\nmargin-bottom:0px;\n}\n<\/style>\n<div  class='flex_column av-239jbi-40ac14b68de72cf48c6d1a410bb9ccde av_one_half  avia-builder-el-4  el_after_av_one_full  el_before_av_one_half  first flex_column_div av-animated-generic bottom-to-top av-zero-column-padding  column-top-margin'     ><section  class='av_textblock_section av-1vdr9q-2cea5eefa791a63911b4781c46cbb5a4 '   itemscope=\"itemscope\" itemtype=\"https:\/\/schema.org\/CreativeWork\" ><div class='avia_textblock'  itemprop=\"text\" ><ul>\n<li><strong>Represa para abastecimiento de agua potable.<br \/>\n<\/strong>Estudio de Impacto Ambiental, Mapeos y valoraci\u00f3n de ecosistemas.<br \/>\nCliente: TYPSA, OSE.<\/li>\n<li><strong>Abastecimiento de agua potable a una ciudad.<\/strong><br \/>\nPlan de gesti\u00f3n ambiental de construcci\u00f3n, Auditor\u00edas ambientales de obra y monitoreos ambientales.<br \/>\nCliente: Mantiba.<\/li>\n<\/ul>\n<div id=\"simple-translate\">\n<div>\n<div class=\"simple-translate-button isShow\" style=\"background-image: url('moz-extension:\/\/5f95f167-ca9a-43cd-8ff1-48d3812e4616\/icons\/512.png'); height: 22px; width: 22px; top: 55px; left: 56px;\"><\/div>\n<div class=\"simple-translate-panel \" style=\"width: 300px; height: 200px; top: 0px; left: 0px; font-size: 13px; background-color: #ffffff;\">\n<div class=\"simple-translate-result-wrapper\" style=\"overflow: hidden;\">\n<p class=\"simple-translate-candidate\" style=\"color: #737373;\">\n<\/div>\n<\/div>\n<\/div>\n<\/div>\n<\/div><\/section><\/div>\n<style type=\"text\/css\" data-created_by=\"avia_inline_auto\" id=\"style-css-av-1so98m-a1fc9f2151fbe324e1a0269be0d6c771\">\n#top .flex_column.av-1so98m-a1fc9f2151fbe324e1a0269be0d6c771{\nmargin-top:0px;\nmargin-bottom:0px;\n}\n.flex_column.av-1so98m-a1fc9f2151fbe324e1a0269be0d6c771{\nborder-radius:0px 0px 0px 0px;\npadding:0px 0px 0px 0px;\n}\n.responsive #top #wrap_all .flex_column.av-1so98m-a1fc9f2151fbe324e1a0269be0d6c771{\nmargin-top:0px;\nmargin-bottom:0px;\n}\n<\/style>\n<div  class='flex_column av-1so98m-a1fc9f2151fbe324e1a0269be0d6c771 av_one_half  avia-builder-el-6  el_after_av_one_half  avia-builder-el-last  flex_column_div av-animated-generic bottom-to-top av-zero-column-padding  column-top-margin'     ><section  class='av_textblock_section av-1lqzh2-bb9d716a83146fd3e3a25818a22f66eb '   itemscope=\"itemscope\" itemtype=\"https:\/\/schema.org\/CreativeWork\" ><div class='avia_textblock'  itemprop=\"text\" ><ul>\n<li><strong>Ampliaci\u00f3n del saneamiento a una ciudad.<\/strong> Plan de gesti\u00f3n ambiental de construcci\u00f3n y Auditor\u00edas ambientales de obra.<br \/>\nCliente: Mantiba.<\/li>\n<li><strong>Dragado de canal de navegaci\u00f3n.<\/strong> Estudio de impacto ambiental, Plan de gesti\u00f3n ambiental.<br \/>\nCliente: Jan de Nul.<\/li>\n<\/ul>\n<div id=\"simple-translate\">\n<div>\n<div class=\"simple-translate-button \" style=\"background-image: url('moz-extension:\/\/5f95f167-ca9a-43cd-8ff1-48d3812e4616\/icons\/512.png'); height: 22px; width: 22px; top: 91px; left: -46px;\"><\/div>\n<div class=\"simple-translate-panel \" style=\"width: 300px; height: 200px; top: 0px; left: 0px; font-size: 13px; background-color: #ffffff;\">\n<div class=\"simple-translate-result-wrapper\" style=\"overflow: hidden;\">\n<p class=\"simple-translate-candidate\" style=\"color: #737373;\">\n<\/div>\n<\/div>\n<\/div>\n<\/div>\n<\/div><\/section><\/div><\/p>\n","protected":false},"excerpt":{"rendered":"","protected":false},"author":1,"featured_media":0,"parent":25,"menu_order":0,"comment_status":"closed","ping_status":"closed","template":"","meta":{"footnotes":""},"class_list":["post-142","page","type-page","status-publish","hentry"],"_links":{"self":[{"href":"https:\/\/adapta.uy\/adptweb\/wp-json\/wp\/v2\/pages\/142"}],"collection":[{"href":"https:\/\/adapta.uy\/adptweb\/wp-json\/wp\/v2\/pages"}],"about":[{"href":"https:\/\/adapta.uy\/adptweb\/wp-json\/wp\/v2\/types\/page"}],"author":[{"embeddable":true,"href":"https:\/\/adapta.uy\/adptweb\/wp-json\/wp\/v2\/users\/1"}],"replies":[{"embeddable":true,"href":"https:\/\/adapta.uy\/adptweb\/wp-json\/wp\/v2\/comments?post=142"}],"version-history":[{"count":0,"href":"https:\/\/adapta.uy\/adptweb\/wp-json\/wp\/v2\/pages\/142\/revisions"}],"up":[{"embeddable":true,"href":"https:\/\/adapta.uy\/adptweb\/wp-json\/wp\/v2\/pages\/25"}],"wp:attachment":[{"href":"https:\/\/adapta.uy\/adptweb\/wp-json\/wp\/v2\/media?parent=142"}],"curies":[{"name":"wp","href":"https:\/\/api.w.org\/{rel}","templated":true}]}}