{"id":31,"date":"2015-10-21T12:34:01","date_gmt":"2015-10-21T12:34:01","guid":{"rendered":"http:\/\/test.kriesi.at\/construction\/?page_id=31"},"modified":"2020-07-13T16:41:44","modified_gmt":"2020-07-13T16:41:44","slug":"quienes-somos","status":"publish","type":"page","link":"https:\/\/adapta.uy\/adptweb\/adapta\/quienes-somos\/","title":{"rendered":"\u00bfQuienes somos?"},"content":{"rendered":"\n<style type=\"text\/css\" data-created_by=\"avia_inline_auto\" id=\"style-css-av-11wu7-0eb93d680768f0027f0646d00b9e0eca\">\n.flex_column.av-11wu7-0eb93d680768f0027f0646d00b9e0eca{\nborder-radius:0px 0px 0px 0px;\npadding:0px 0px 0px 0px;\n}\n<\/style>\n<div  class='flex_column av-11wu7-0eb93d680768f0027f0646d00b9e0eca av_one_full  avia-builder-el-0  el_before_av_one_half  avia-builder-el-first  first flex_column_div av-zero-column-padding  '     ><section  class='av_textblock_section av-cfayf-7d04f2c2dcb59a989f12069048e02fc0 '   itemscope=\"itemscope\" itemtype=\"https:\/\/schema.org\/CreativeWork\" ><div class='avia_textblock'  itemprop=\"text\" ><h1><a href=\"https:\/\/adapta.uy\/adptweb\/adapta\/quienes-somos\/\" aria-current=\"page\">\u00bfQuienes somos?<\/a><\/h1>\n<p>ADAPTA es una consultora enfocada en asesorar profesionalmente a proyectos de diversos sectores en materia ambiental.<\/p>\n<p>Es liderada por profesionales referentes en el sector, con una gran trayectoria al haber trabajado para los proyectos m\u00e1s importantes del pa\u00eds, tanto p\u00fablicos como privados.<\/p>\n<p>El profesionalismo, compromiso y amplia comprensi\u00f3n del marco regulatorio nacional del equipo, permite entregar un servicio de excelente calidad.<\/p>\n<\/div><\/section><\/div>\n\n<style type=\"text\/css\" data-created_by=\"avia_inline_auto\" id=\"style-css-av-2uij7-25524ec8530736caef66ffb740de21c3\">\n.flex_column.av-2uij7-25524ec8530736caef66ffb740de21c3{\nborder-radius:0px 0px 0px 0px;\npadding:0px 0px 0px 0px;\n}\n<\/style>\n<div  class='flex_column av-2uij7-25524ec8530736caef66ffb740de21c3 av_one_half  avia-builder-el-2  el_after_av_one_full  el_before_av_one_half  first flex_column_div av-animated-generic bottom-to-top av-zero-column-padding  column-top-margin'     ><p>\n<style type=\"text\/css\" data-created_by=\"avia_inline_auto\" id=\"style-css-av-b3gi3-6e3c9ca1b108e6fd2e1167573994fc12\">\n.avia-image-container.av-b3gi3-6e3c9ca1b108e6fd2e1167573994fc12 img.avia_image{\nbox-shadow:none;\n}\n.avia-image-container.av-b3gi3-6e3c9ca1b108e6fd2e1167573994fc12 .av-image-caption-overlay-center{\ncolor:#ffffff;\n}\n<\/style>\n<div  class='avia-image-container av-b3gi3-6e3c9ca1b108e6fd2e1167573994fc12 av-styling- avia-align-left  avia-builder-el-3  el_before_av_hr  avia-builder-el-first  img-quienes'   itemprop=\"image\" itemscope=\"itemscope\" itemtype=\"https:\/\/schema.org\/ImageObject\" ><div class=\"avia-image-container-inner\"><div class=\"avia-image-overlay-wrap\"><img fetchpriority=\"high\" class='wp-image-526 avia-img-lazy-loading-not-526 avia_image ' src='https:\/\/adapta.uy\/adptweb\/wp-content\/uploads\/2019\/03\/01alessandra.jpg' alt='' title='01alessandra'  height=\"300\" width=\"300\"  itemprop=\"thumbnailUrl\"  \/><\/div><\/div><\/div><br \/>\n\n<style type=\"text\/css\" data-created_by=\"avia_inline_auto\" id=\"style-css-av-jtoo92q3-fdb1f29b86f85d3dbe3e87d34be788e1\">\n#top .hr.hr-invisible.av-jtoo92q3-fdb1f29b86f85d3dbe3e87d34be788e1{\nheight:50px;\n}\n<\/style>\n<div  class='hr av-jtoo92q3-fdb1f29b86f85d3dbe3e87d34be788e1 hr-invisible  avia-builder-el-4  el_after_av_image  el_before_av_textblock '><span class='hr-inner '><span class=\"hr-inner-style\"><\/span><\/span><\/div><br \/>\n<section  class='av_textblock_section av-3b07-ce332eb2ab2123be833b10e73b3379d1 '   itemscope=\"itemscope\" itemtype=\"https:\/\/schema.org\/CreativeWork\" ><div class='avia_textblock'  itemprop=\"text\" ><h3>ALESSANDRA TIRIBOCCHI BARELLI<\/h3>\n<p><span class=\"quienes\"><em>Ing. Civil Hidr\u00e1ulica-Ambiental, MBA.<br \/>\n<a href=\"mailto:atiribocchi@adapta.uy\">atiribocchi@adapta.uy<\/a><\/em><\/span><\/p>\n<h5>Es Ingeniera Civil Hidr\u00e1ulica-Ambiental egresada de la Universidad de la Rep\u00fablica. Curs\u00f3 la maestr\u00eda en Ingenier\u00eda Ambiental y obtuvo el MBA otorgado por el IEEM de la Universidad de Montevideo. Cuenta con m\u00e1s de 25 a\u00f1os de experiencia en el sector p\u00fablico (DINAMA, Intendencia de Canelones, OPP) y en el privado.<\/h5>\n<h5>Especializada en Evaluaci\u00f3n de Impacto Ambiental, inici\u00f3 y dirigi\u00f3 el \u00e1rea ambiental de una consultora nacional. Ha liderado muchos de los principales estudios de impacto ambiental del pa\u00eds y cuenta con vasta experiencia en estudios ambientales en Latinoam\u00e9rica y el Caribe. Fue gerente ambiental de una de las principales obras energ\u00e9ticas nacionales y es referente t\u00e9cnica para autoridades nacionales y de bancos multilaterales de cr\u00e9dito.<\/h5>\n<\/div><\/section><\/p><\/div>\n\n<style type=\"text\/css\" data-created_by=\"avia_inline_auto\" id=\"style-css-av-1h0tj-333551fc5c6b9329c191a46a5d882062\">\n.flex_column.av-1h0tj-333551fc5c6b9329c191a46a5d882062{\nborder-radius:0px 0px 0px 0px;\npadding:0px 0px 0px 0px;\n}\n<\/style>\n<div  class='flex_column av-1h0tj-333551fc5c6b9329c191a46a5d882062 av_one_half  avia-builder-el-6  el_after_av_one_half  el_before_av_one_third  flex_column_div av-animated-generic bottom-to-top av-zero-column-padding  column-top-margin'     ><p>\n<style type=\"text\/css\" data-created_by=\"avia_inline_auto\" id=\"style-css-av-87l5f-e86a8dce0dae4aeebc863387d77333a9\">\n.avia-image-container.av-87l5f-e86a8dce0dae4aeebc863387d77333a9 img.avia_image{\nbox-shadow:none;\n}\n.avia-image-container.av-87l5f-e86a8dce0dae4aeebc863387d77333a9 .av-image-caption-overlay-center{\ncolor:#ffffff;\n}\n<\/style>\n<div  class='avia-image-container av-87l5f-e86a8dce0dae4aeebc863387d77333a9 av-styling- avia-align-left  avia-builder-el-7  el_before_av_hr  avia-builder-el-first  img-quienes'   itemprop=\"image\" itemscope=\"itemscope\" itemtype=\"https:\/\/schema.org\/ImageObject\" ><div class=\"avia-image-container-inner\"><div class=\"avia-image-overlay-wrap\"><img fetchpriority=\"high\" class='wp-image-822 avia-img-lazy-loading-not-822 avia_image ' src='https:\/\/adapta.uy\/adptweb\/wp-content\/uploads\/2019\/05\/02sandra-2.jpg' alt='' title='02sandra-2'  height=\"300\" width=\"300\"  itemprop=\"thumbnailUrl\"  \/><\/div><\/div><\/div><br \/>\n\n<style type=\"text\/css\" data-created_by=\"avia_inline_auto\" id=\"style-css-av-jtoo92q3-fdb1f29b86f85d3dbe3e87d34be788e1\">\n#top .hr.hr-invisible.av-jtoo92q3-fdb1f29b86f85d3dbe3e87d34be788e1{\nheight:50px;\n}\n<\/style>\n<div  class='hr av-jtoo92q3-fdb1f29b86f85d3dbe3e87d34be788e1 hr-invisible  avia-builder-el-8  el_after_av_image  el_before_av_textblock '><span class='hr-inner '><span class=\"hr-inner-style\"><\/span><\/span><\/div><br \/>\n<section  class='av_textblock_section av-65u4v-de28b7cfbb87ff8dcf8372d184957c5a '   itemscope=\"itemscope\" itemtype=\"https:\/\/schema.org\/CreativeWork\" ><div class='avia_textblock'  itemprop=\"text\" ><h3>SANDRA CASTRO SCARONE<\/h3>\n<p><span class=\"quienes\"><em>Licenciada en Ciencias Biol\u00f3gicas, MSc. Ingenier\u00eda Ambiental<br \/>\n<\/em><a href=\"mailto:scastro@adapta.uy\"><em>scastro@adapta.uy<\/em><\/a><\/span><\/p>\n<h5>Es Licenciada en Ciencias Biol\u00f3gicas egresada de la Universidad de la Rep\u00fablica y cuenta con una maestr\u00eda en Ingenier\u00eda Ambiental de la Universidad de Le\u00f3n, Espa\u00f1a. Su trayectoria profesional es de m\u00e1s de 25 a\u00f1os en el \u00e1mbito p\u00fablico y privado.<\/h5>\n<h5>Es especialista en calidad de agua y monitoreos ambientales. Estuvo a cargo del \u00e1rea ambiental en varias consultoras y dirigi\u00f3 el laboratorio ambiental de la autoridad ambiental nacional. Se desempe\u00f1\u00f3 como directora del Centro Coordinador del Convenio de Basilea y del Convenio de Estocolmo para Am\u00e9rica Latina y el Caribe, dirigiendo proyectos nacionales e internacionales en el \u00e1rea de qu\u00edmicos y trabaj\u00f3 asesorando a diversas comisiones y grupos nacionales y binacionales.<\/h5>\n<\/div><\/section><\/p><\/div>\n\n<style type=\"text\/css\" data-created_by=\"avia_inline_auto\" id=\"style-css-av-trmn-13924e118fe0a801208167e9eb74fa8d\">\n.flex_column.av-trmn-13924e118fe0a801208167e9eb74fa8d{\nborder-radius:0px 0px 0px 0px;\npadding:0px 0px 0px 0px;\n}\n<\/style>\n<div  class='flex_column av-trmn-13924e118fe0a801208167e9eb74fa8d av_one_third  avia-builder-el-10  el_after_av_one_half  el_before_av_two_third  first flex_column_div av-zero-column-padding  column-top-margin'     ><style type=\"text\/css\" data-created_by=\"avia_inline_auto\" id=\"style-css-av-ju2pnamt-e1014e6ce4c049ef3d7aff9a36bb8a7e\">\n.avia-image-container.av-ju2pnamt-e1014e6ce4c049ef3d7aff9a36bb8a7e img.avia_image{\nbox-shadow:none;\n}\n.avia-image-container.av-ju2pnamt-e1014e6ce4c049ef3d7aff9a36bb8a7e .av-image-caption-overlay-center{\ncolor:#ffffff;\n}\n<\/style>\n<div  class='avia-image-container av-ju2pnamt-e1014e6ce4c049ef3d7aff9a36bb8a7e av-styling- avia-align-center  avia-builder-el-11  avia-builder-el-no-sibling '   itemprop=\"image\" itemscope=\"itemscope\" itemtype=\"https:\/\/schema.org\/ImageObject\" ><div class=\"avia-image-container-inner\"><div class=\"avia-image-overlay-wrap\"><img fetchpriority=\"high\" class='wp-image-714 avia-img-lazy-loading-not-714 avia_image ' src='https:\/\/adapta.uy\/adptweb\/wp-content\/uploads\/2019\/04\/adapta_rgb_1000px-300x300.jpg' alt='' title='adapta_rgb_1000px'  height=\"300\" width=\"300\"  itemprop=\"thumbnailUrl\"  \/><\/div><\/div><\/div><\/div>\n\n<style type=\"text\/css\" data-created_by=\"avia_inline_auto\" id=\"style-css-av-11wu7-c7800df96b4ada8c8fdff43cd1e8148b\">\n.flex_column.av-11wu7-c7800df96b4ada8c8fdff43cd1e8148b{\nborder-radius:0px 0px 0px 0px;\npadding:0px 0px 0px 0px;\n}\n<\/style>\n<div  class='flex_column av-11wu7-c7800df96b4ada8c8fdff43cd1e8148b av_two_third  avia-builder-el-12  el_after_av_one_third  avia-builder-el-last  flex_column_div av-zero-column-padding  column-top-margin'     ><section  class='av_textblock_section av-cfayf-7d04f2c2dcb59a989f12069048e02fc0 '   itemscope=\"itemscope\" itemtype=\"https:\/\/schema.org\/CreativeWork\" ><div class='avia_textblock'  itemprop=\"text\" ><h2>Equipo<\/h2>\n<p>ADAPTA est\u00e1 integrado por un equipo multidisciplinario, con t\u00e9cnicos nacionales e internacionales de gran experiencia en cada sector.<\/p>\n<p>Expertos de diversas especialidades conforman los equipos de trabajo, entre los que se destacan: ingenieros hidr\u00e1ulicos y ambientales, ingenieros viales y de transporte, licenciados en biolog\u00eda con distintas especialidades (bot\u00e1nica, zoolog\u00eda e hidrobiolog\u00eda, entre otros), qu\u00edmicos, licenciados en Ciencias Sociales y Comunicaci\u00f3n, licenciado en Ciencias Antropol\u00f3gicas opci\u00f3n Arqueolog\u00eda, entre otros.<\/p>\n<div id=\"simple-translate\">\n<div>\n<div class=\"simple-translate-button isShow\" style=\"background-image: url('moz-extension:\/\/5f95f167-ca9a-43cd-8ff1-48d3812e4616\/icons\/512.png'); height: 22px; width: 22px; top: 196px; left: 14px;\"><\/div>\n<div class=\"simple-translate-panel \" style=\"width: 300px; height: 200px; top: 0px; left: 0px; font-size: 13px; background-color: #ffffff;\">\n<div class=\"simple-translate-result-wrapper\" style=\"overflow: hidden;\">\n<p class=\"simple-translate-candidate\" style=\"color: #737373;\">\n<\/div>\n<\/div>\n<\/div>\n<\/div>\n<\/div><\/section><\/div>\n","protected":false},"excerpt":{"rendered":"","protected":false},"author":1,"featured_media":0,"parent":481,"menu_order":0,"comment_status":"closed","ping_status":"closed","template":"","meta":{"footnotes":""},"class_list":["post-31","page","type-page","status-publish","hentry"],"_links":{"self":[{"href":"https:\/\/adapta.uy\/adptweb\/wp-json\/wp\/v2\/pages\/31"}],"collection":[{"href":"https:\/\/adapta.uy\/adptweb\/wp-json\/wp\/v2\/pages"}],"about":[{"href":"https:\/\/adapta.uy\/adptweb\/wp-json\/wp\/v2\/types\/page"}],"author":[{"embeddable":true,"href":"https:\/\/adapta.uy\/adptweb\/wp-json\/wp\/v2\/users\/1"}],"replies":[{"embeddable":true,"href":"https:\/\/adapta.uy\/adptweb\/wp-json\/wp\/v2\/comments?post=31"}],"version-history":[{"count":0,"href":"https:\/\/adapta.uy\/adptweb\/wp-json\/wp\/v2\/pages\/31\/revisions"}],"up":[{"embeddable":true,"href":"https:\/\/adapta.uy\/adptweb\/wp-json\/wp\/v2\/pages\/481"}],"wp:attachment":[{"href":"https:\/\/adapta.uy\/adptweb\/wp-json\/wp\/v2\/media?parent=31"}],"curies":[{"name":"wp","href":"https:\/\/api.w.org\/{rel}","templated":true}]}}